{"id":2381,"date":"2024-07-11T08:26:57","date_gmt":"2024-07-11T11:26:57","guid":{"rendered":"https:\/\/omniness.com.br\/?page_id=2381"},"modified":"2024-07-12T12:01:59","modified_gmt":"2024-07-12T15:01:59","slug":"nosso-metodo","status":"publish","type":"page","link":"https:\/\/omniness.com.br\/index.php\/nosso-metodo\/","title":{"rendered":"Nosso M\u00e9todo"},"content":{"rendered":"\t\t<div data-elementor-type=\"wp-page\" data-elementor-id=\"2381\" class=\"elementor elementor-2381\" data-elementor-post-type=\"page\">\n\t\t\t\t<div class=\"elementor-element elementor-element-13231b7 e-flex e-con-boxed e-con e-parent\" data-id=\"13231b7\" data-element_type=\"container\" data-settings=\"{&quot;background_background&quot;:&quot;classic&quot;,&quot;jet_parallax_layout_list&quot;:[]}\">\n\t\t\t\t\t<div class=\"e-con-inner\">\n\t\t\t\t<div class=\"elementor-element elementor-element-4974b92 elementor-widget elementor-widget-spacer\" data-id=\"4974b92\" data-element_type=\"widget\" data-widget_type=\"spacer.default\">\n\t\t\t\t<div class=\"elementor-widget-container\">\n\t\t\t<style>\/*! elementor - v3.22.0 - 26-06-2024 *\/\n.elementor-column .elementor-spacer-inner{height:var(--spacer-size)}.e-con{--container-widget-width:100%}.e-con-inner>.elementor-widget-spacer,.e-con>.elementor-widget-spacer{width:var(--container-widget-width,var(--spacer-size));--align-self:var(--container-widget-align-self,initial);--flex-shrink:0}.e-con-inner>.elementor-widget-spacer>.elementor-widget-container,.e-con>.elementor-widget-spacer>.elementor-widget-container{height:100%;width:100%}.e-con-inner>.elementor-widget-spacer>.elementor-widget-container>.elementor-spacer,.e-con>.elementor-widget-spacer>.elementor-widget-container>.elementor-spacer{height:100%}.e-con-inner>.elementor-widget-spacer>.elementor-widget-container>.elementor-spacer>.elementor-spacer-inner,.e-con>.elementor-widget-spacer>.elementor-widget-container>.elementor-spacer>.elementor-spacer-inner{height:var(--container-widget-height,var(--spacer-size))}.e-con-inner>.elementor-widget-spacer.elementor-widget-empty,.e-con>.elementor-widget-spacer.elementor-widget-empty{position:relative;min-height:22px;min-width:22px}.e-con-inner>.elementor-widget-spacer.elementor-widget-empty .elementor-widget-empty-icon,.e-con>.elementor-widget-spacer.elementor-widget-empty .elementor-widget-empty-icon{position:absolute;top:0;bottom:0;left:0;right:0;margin:auto;padding:0;width:22px;height:22px}<\/style>\t\t<div class=\"elementor-spacer\">\n\t\t\t<div class=\"elementor-spacer-inner\"><\/div>\n\t\t<\/div>\n\t\t\t\t<\/div>\n\t\t\t\t<\/div>\n\t\t\t\t\t<\/div>\n\t\t\t\t<\/div>\n\t\t<div class=\"elementor-element elementor-element-9a58c79 e-flex e-con-boxed e-con e-parent\" data-id=\"9a58c79\" data-element_type=\"container\" data-settings=\"{&quot;jet_parallax_layout_list&quot;:[]}\">\n\t\t\t\t\t<div class=\"e-con-inner\">\n\t\t<div class=\"elementor-element elementor-element-5c3db7a e-con-full e-flex e-con e-child\" data-id=\"5c3db7a\" data-element_type=\"container\" data-settings=\"{&quot;jet_parallax_layout_list&quot;:[]}\">\n\t\t\t\t<div class=\"elementor-element elementor-element-268d6f1 elementor-widget elementor-widget-image\" data-id=\"268d6f1\" data-element_type=\"widget\" data-widget_type=\"image.default\">\n\t\t\t\t<div class=\"elementor-widget-container\">\n\t\t\t<style>\/*! elementor - v3.22.0 - 26-06-2024 *\/\n.elementor-widget-image{text-align:center}.elementor-widget-image a{display:inline-block}.elementor-widget-image a img[src$=\".svg\"]{width:48px}.elementor-widget-image img{vertical-align:middle;display:inline-block}<\/style>\t\t\t\t\t\t\t\t\t\t<img fetchpriority=\"high\" decoding=\"async\" width=\"500\" height=\"300\" src=\"https:\/\/omniness.com.br\/wp-content\/uploads\/2024\/07\/2-1.jpg\" class=\"attachment-large size-large wp-image-2373\" alt=\"\" srcset=\"https:\/\/omniness.com.br\/wp-content\/uploads\/2024\/07\/2-1.jpg 500w, https:\/\/omniness.com.br\/wp-content\/uploads\/2024\/07\/2-1-300x180.jpg 300w\" sizes=\"(max-width: 500px) 100vw, 500px\" \/>\t\t\t\t\t\t\t\t\t\t\t\t\t<\/div>\n\t\t\t\t<\/div>\n\t\t\t\t<\/div>\n\t\t<div class=\"elementor-element elementor-element-bfdeb6f e-con-full e-flex e-con e-child\" data-id=\"bfdeb6f\" data-element_type=\"container\" data-settings=\"{&quot;jet_parallax_layout_list&quot;:[]}\">\n\t\t\t\t<div class=\"elementor-element elementor-element-cff65a5 elementor-widget elementor-widget-heading\" data-id=\"cff65a5\" data-element_type=\"widget\" data-widget_type=\"heading.default\">\n\t\t\t\t<div class=\"elementor-widget-container\">\n\t\t\t<style>\/*! elementor - v3.22.0 - 26-06-2024 *\/\n.elementor-heading-title{padding:0;margin:0;line-height:1}.elementor-widget-heading .elementor-heading-title[class*=elementor-size-]>a{color:inherit;font-size:inherit;line-height:inherit}.elementor-widget-heading .elementor-heading-title.elementor-size-small{font-size:15px}.elementor-widget-heading .elementor-heading-title.elementor-size-medium{font-size:19px}.elementor-widget-heading .elementor-heading-title.elementor-size-large{font-size:29px}.elementor-widget-heading .elementor-heading-title.elementor-size-xl{font-size:39px}.elementor-widget-heading .elementor-heading-title.elementor-size-xxl{font-size:59px}<\/style><h2 class=\"elementor-heading-title elementor-size-default\">Nosso M\u00e9todo<\/h2>\t\t<\/div>\n\t\t\t\t<\/div>\n\t\t\t\t<div class=\"elementor-element elementor-element-56a9c2d elementor-widget elementor-widget-text-editor\" data-id=\"56a9c2d\" data-element_type=\"widget\" data-widget_type=\"text-editor.default\">\n\t\t\t\t<div class=\"elementor-widget-container\">\n\t\t\t<style>\/*! elementor - v3.22.0 - 26-06-2024 *\/\n.elementor-widget-text-editor.elementor-drop-cap-view-stacked .elementor-drop-cap{background-color:#69727d;color:#fff}.elementor-widget-text-editor.elementor-drop-cap-view-framed .elementor-drop-cap{color:#69727d;border:3px solid;background-color:transparent}.elementor-widget-text-editor:not(.elementor-drop-cap-view-default) .elementor-drop-cap{margin-top:8px}.elementor-widget-text-editor:not(.elementor-drop-cap-view-default) .elementor-drop-cap-letter{width:1em;height:1em}.elementor-widget-text-editor .elementor-drop-cap{float:left;text-align:center;line-height:1;font-size:50px}.elementor-widget-text-editor .elementor-drop-cap-letter{display:inline-block}<\/style>\t\t\t\t<ol><li><strong>Avalia\u00e7\u00e3o Hol\u00edstica<\/strong>:<ul><li>An\u00e1lise detalhada das esferas da sa\u00fade mental, f\u00edsica, emocional e espiritual.<\/li><li>Utiliza\u00e7\u00e3o de avalia\u00e7\u00f5es psicom\u00e9tricas para medir ansiedade, depress\u00e3o e resili\u00eancia.<\/li><li>An\u00e1lise de 16 biomarcadores na esfera f\u00edsica para uma compreens\u00e3o completa do estado de sa\u00fade psico-f\u00edsica do cliente.<\/li><\/ul><\/li><li><strong>Biocampo e Eletrofisiologia<\/strong>:<ul><li>Utiliza\u00e7\u00e3o de t\u00e9cnicas avan\u00e7adas para equilibrar o biocampo, como a T\u00e9cnica GDV.<\/li><li>Prescri\u00e7\u00e3o de pr\u00e1ticas com princ\u00edpios de eletrofisiologia para melhorar a comunica\u00e7\u00e3o celular e a efici\u00eancia metab\u00f3lica, como acupuntura, atividade f\u00edsica e massoterapia.<\/li><\/ul><\/li><li><strong>Programas Personalizados<\/strong>:<ul><li>Cria\u00e7\u00e3o de programas de emagrecimento personalizados, levando em conta as necessidades espec\u00edficas de cada cliente.<\/li><li>Integra\u00e7\u00e3o de pr\u00e1ticas de mindfulness e medita\u00e7\u00e3o para reduzir o estresse e melhorar a qualidade do sono, essenciais para um emagrecimento sustent\u00e1vel.<\/li><\/ul><\/li><li><strong>Apoio Cont\u00ednuo<\/strong>:<ul><li>Sess\u00f5es de acompanhamento para monitorar o progresso e ajustar o programa conforme necess\u00e1rio.<\/li><li>Equipe interdisciplinar.<\/li><li>Suporte motivacional e emocional para garantir que cada cliente se sinta apoiado durante toda a jornada.<\/li><\/ul><\/li><\/ol>\t\t\t\t\t\t<\/div>\n\t\t\t\t<\/div>\n\t\t\t\t<\/div>\n\t\t\t\t\t<\/div>\n\t\t\t\t<\/div>\n\t\t\t\t<\/div>\n\t\t","protected":false},"excerpt":{"rendered":"<p>Nosso M\u00e9todo Avalia\u00e7\u00e3o Hol\u00edstica: An\u00e1lise detalhada das esferas da sa\u00fade mental, f\u00edsica, emocional e espiritual. Utiliza\u00e7\u00e3o de avalia\u00e7\u00f5es psicom\u00e9tricas para medir ansiedade, depress\u00e3o e resili\u00eancia. An\u00e1lise de 16 biomarcadores na esfera f\u00edsica para uma compreens\u00e3o completa do estado de sa\u00fade psico-f\u00edsica do cliente. Biocampo e Eletrofisiologia: Utiliza\u00e7\u00e3o de t\u00e9cnicas avan\u00e7adas para equilibrar o biocampo, como &#8230; <a title=\"Nosso M\u00e9todo\" class=\"read-more\" href=\"https:\/\/omniness.com.br\/index.php\/nosso-metodo\/\" aria-label=\"Read more about Nosso M\u00e9todo\">Ler mais<\/a><\/p>\n","protected":false},"author":1,"featured_media":0,"parent":0,"menu_order":0,"comment_status":"closed","ping_status":"closed","template":"","meta":{"_joinchat":[],"footnotes":""},"_links":{"self":[{"href":"https:\/\/omniness.com.br\/index.php\/wp-json\/wp\/v2\/pages\/2381"}],"collection":[{"href":"https:\/\/omniness.com.br\/index.php\/wp-json\/wp\/v2\/pages"}],"about":[{"href":"https:\/\/omniness.com.br\/index.php\/wp-json\/wp\/v2\/types\/page"}],"author":[{"embeddable":true,"href":"https:\/\/omniness.com.br\/index.php\/wp-json\/wp\/v2\/users\/1"}],"replies":[{"embeddable":true,"href":"https:\/\/omniness.com.br\/index.php\/wp-json\/wp\/v2\/comments?post=2381"}],"version-history":[{"count":35,"href":"https:\/\/omniness.com.br\/index.php\/wp-json\/wp\/v2\/pages\/2381\/revisions"}],"predecessor-version":[{"id":2531,"href":"https:\/\/omniness.com.br\/index.php\/wp-json\/wp\/v2\/pages\/2381\/revisions\/2531"}],"wp:attachment":[{"href":"https:\/\/omniness.com.br\/index.php\/wp-json\/wp\/v2\/media?parent=2381"}],"curies":[{"name":"wp","href":"https:\/\/api.w.org\/{rel}","templated":true}]}}