{"id":2407,"date":"2024-07-11T21:09:33","date_gmt":"2024-07-12T00:09:33","guid":{"rendered":"https:\/\/omniness.com.br\/?page_id=2407"},"modified":"2024-07-12T12:01:41","modified_gmt":"2024-07-12T15:01:41","slug":"biofisica-integrativa-2","status":"publish","type":"page","link":"https:\/\/omniness.com.br\/index.php\/biofisica-integrativa-2\/","title":{"rendered":"Biof\u00edsica Integrativa"},"content":{"rendered":"\t\t<div data-elementor-type=\"wp-page\" data-elementor-id=\"2407\" class=\"elementor elementor-2407\" data-elementor-post-type=\"page\">\n\t\t\t\t<div class=\"elementor-element elementor-element-13231b7 e-flex e-con-boxed e-con e-parent\" data-id=\"13231b7\" data-element_type=\"container\" data-settings=\"{&quot;background_background&quot;:&quot;classic&quot;,&quot;jet_parallax_layout_list&quot;:[]}\">\n\t\t\t\t\t<div class=\"e-con-inner\">\n\t\t\t\t<div class=\"elementor-element elementor-element-4974b92 elementor-widget elementor-widget-spacer\" data-id=\"4974b92\" data-element_type=\"widget\" data-widget_type=\"spacer.default\">\n\t\t\t\t<div class=\"elementor-widget-container\">\n\t\t\t<style>\/*! elementor - v3.22.0 - 26-06-2024 *\/\n.elementor-column .elementor-spacer-inner{height:var(--spacer-size)}.e-con{--container-widget-width:100%}.e-con-inner>.elementor-widget-spacer,.e-con>.elementor-widget-spacer{width:var(--container-widget-width,var(--spacer-size));--align-self:var(--container-widget-align-self,initial);--flex-shrink:0}.e-con-inner>.elementor-widget-spacer>.elementor-widget-container,.e-con>.elementor-widget-spacer>.elementor-widget-container{height:100%;width:100%}.e-con-inner>.elementor-widget-spacer>.elementor-widget-container>.elementor-spacer,.e-con>.elementor-widget-spacer>.elementor-widget-container>.elementor-spacer{height:100%}.e-con-inner>.elementor-widget-spacer>.elementor-widget-container>.elementor-spacer>.elementor-spacer-inner,.e-con>.elementor-widget-spacer>.elementor-widget-container>.elementor-spacer>.elementor-spacer-inner{height:var(--container-widget-height,var(--spacer-size))}.e-con-inner>.elementor-widget-spacer.elementor-widget-empty,.e-con>.elementor-widget-spacer.elementor-widget-empty{position:relative;min-height:22px;min-width:22px}.e-con-inner>.elementor-widget-spacer.elementor-widget-empty .elementor-widget-empty-icon,.e-con>.elementor-widget-spacer.elementor-widget-empty .elementor-widget-empty-icon{position:absolute;top:0;bottom:0;left:0;right:0;margin:auto;padding:0;width:22px;height:22px}<\/style>\t\t<div class=\"elementor-spacer\">\n\t\t\t<div class=\"elementor-spacer-inner\"><\/div>\n\t\t<\/div>\n\t\t\t\t<\/div>\n\t\t\t\t<\/div>\n\t\t\t\t\t<\/div>\n\t\t\t\t<\/div>\n\t\t<div class=\"elementor-element elementor-element-9a58c79 e-flex e-con-boxed e-con e-parent\" data-id=\"9a58c79\" data-element_type=\"container\" data-settings=\"{&quot;jet_parallax_layout_list&quot;:[]}\">\n\t\t\t\t\t<div class=\"e-con-inner\">\n\t\t<div class=\"elementor-element elementor-element-5c3db7a e-con-full e-flex e-con e-child\" data-id=\"5c3db7a\" data-element_type=\"container\" data-settings=\"{&quot;jet_parallax_layout_list&quot;:[]}\">\n\t\t\t\t<div class=\"elementor-element elementor-element-268d6f1 elementor-widget elementor-widget-image\" data-id=\"268d6f1\" data-element_type=\"widget\" data-widget_type=\"image.default\">\n\t\t\t\t<div class=\"elementor-widget-container\">\n\t\t\t<style>\/*! elementor - v3.22.0 - 26-06-2024 *\/\n.elementor-widget-image{text-align:center}.elementor-widget-image a{display:inline-block}.elementor-widget-image a img[src$=\".svg\"]{width:48px}.elementor-widget-image img{vertical-align:middle;display:inline-block}<\/style>\t\t\t\t\t\t\t\t\t\t<img fetchpriority=\"high\" decoding=\"async\" width=\"500\" height=\"300\" src=\"https:\/\/omniness.com.br\/wp-content\/uploads\/2024\/07\/1-4.jpg\" class=\"attachment-large size-large wp-image-2372\" alt=\"\" srcset=\"https:\/\/omniness.com.br\/wp-content\/uploads\/2024\/07\/1-4.jpg 500w, https:\/\/omniness.com.br\/wp-content\/uploads\/2024\/07\/1-4-300x180.jpg 300w\" sizes=\"(max-width: 500px) 100vw, 500px\" \/>\t\t\t\t\t\t\t\t\t\t\t\t\t<\/div>\n\t\t\t\t<\/div>\n\t\t\t\t<\/div>\n\t\t<div class=\"elementor-element elementor-element-bfdeb6f e-con-full e-flex e-con e-child\" data-id=\"bfdeb6f\" data-element_type=\"container\" data-settings=\"{&quot;jet_parallax_layout_list&quot;:[]}\">\n\t\t\t\t<div class=\"elementor-element elementor-element-cff65a5 elementor-widget elementor-widget-heading\" data-id=\"cff65a5\" data-element_type=\"widget\" data-widget_type=\"heading.default\">\n\t\t\t\t<div class=\"elementor-widget-container\">\n\t\t\t<style>\/*! elementor - v3.22.0 - 26-06-2024 *\/\n.elementor-heading-title{padding:0;margin:0;line-height:1}.elementor-widget-heading .elementor-heading-title[class*=elementor-size-]>a{color:inherit;font-size:inherit;line-height:inherit}.elementor-widget-heading .elementor-heading-title.elementor-size-small{font-size:15px}.elementor-widget-heading .elementor-heading-title.elementor-size-medium{font-size:19px}.elementor-widget-heading .elementor-heading-title.elementor-size-large{font-size:29px}.elementor-widget-heading .elementor-heading-title.elementor-size-xl{font-size:39px}.elementor-widget-heading .elementor-heading-title.elementor-size-xxl{font-size:59px}<\/style><h2 class=\"elementor-heading-title elementor-size-default\">Biof\u00edsica Integrativa \u2013 Bem-estar e Emagrecimento.<\/h2>\t\t<\/div>\n\t\t\t\t<\/div>\n\t\t\t\t<div class=\"elementor-element elementor-element-56a9c2d elementor-widget elementor-widget-text-editor\" data-id=\"56a9c2d\" data-element_type=\"widget\" data-widget_type=\"text-editor.default\">\n\t\t\t\t<div class=\"elementor-widget-container\">\n\t\t\t<style>\/*! elementor - v3.22.0 - 26-06-2024 *\/\n.elementor-widget-text-editor.elementor-drop-cap-view-stacked .elementor-drop-cap{background-color:#69727d;color:#fff}.elementor-widget-text-editor.elementor-drop-cap-view-framed .elementor-drop-cap{color:#69727d;border:3px solid;background-color:transparent}.elementor-widget-text-editor:not(.elementor-drop-cap-view-default) .elementor-drop-cap{margin-top:8px}.elementor-widget-text-editor:not(.elementor-drop-cap-view-default) .elementor-drop-cap-letter{width:1em;height:1em}.elementor-widget-text-editor .elementor-drop-cap{float:left;text-align:center;line-height:1;font-size:50px}.elementor-widget-text-editor .elementor-drop-cap-letter{display:inline-block}<\/style>\t\t\t\t<p><strong>Introdu\u00e7\u00e3o ao Conceito<\/strong><\/p><p>No nosso atendimento cl\u00ednico, acreditamos que o ser humano \u00e9 uma unidade hol\u00edstica, onde as esferas da sa\u00fade mental, f\u00edsica, emocional e espiritual est\u00e3o interconectadas. Baseando-se nos princ\u00edpios da biof\u00edsica integrativa, oferecemos um servi\u00e7o inovador de emagrecimento que vai al\u00e9m das abordagens tradicionais, incorporando conceitos do biocampo e da eletrofisiologia.<\/p><p><strong>O Que \u00e9 Biof\u00edsica Integrativa?<\/strong><\/p><p>A biof\u00edsica integrativa \u00e9 uma \u00e1rea que estuda como os campos el\u00e9tricos, magn\u00e9ticos, eletromagn\u00e9ticos naturais e artificiais influenciam a sa\u00fade humana. Ela considera que o corpo humano n\u00e3o \u00e9 apenas uma cole\u00e7\u00e3o de sistemas biol\u00f3gicos, mas um campo energ\u00e9tico complexo e din\u00e2mico. Atrav\u00e9s dessa perspectiva, conseguimos abordar o emagrecimento de forma hol\u00edstica e eficaz.<\/p>\t\t\t\t\t\t<\/div>\n\t\t\t\t<\/div>\n\t\t\t\t<\/div>\n\t\t\t\t\t<\/div>\n\t\t\t\t<\/div>\n\t\t\t\t<\/div>\n\t\t","protected":false},"excerpt":{"rendered":"<p>Biof\u00edsica Integrativa \u2013 Bem-estar e Emagrecimento. Introdu\u00e7\u00e3o ao Conceito No nosso atendimento cl\u00ednico, acreditamos que o ser humano \u00e9 uma unidade hol\u00edstica, onde as esferas da sa\u00fade mental, f\u00edsica, emocional e espiritual est\u00e3o interconectadas. Baseando-se nos princ\u00edpios da biof\u00edsica integrativa, oferecemos um servi\u00e7o inovador de emagrecimento que vai al\u00e9m das abordagens tradicionais, incorporando conceitos do &#8230; <a title=\"Biof\u00edsica Integrativa\" class=\"read-more\" href=\"https:\/\/omniness.com.br\/index.php\/biofisica-integrativa-2\/\" aria-label=\"Read more about Biof\u00edsica Integrativa\">Ler mais<\/a><\/p>\n","protected":false},"author":1,"featured_media":0,"parent":0,"menu_order":0,"comment_status":"closed","ping_status":"closed","template":"","meta":{"_joinchat":[],"footnotes":""},"_links":{"self":[{"href":"https:\/\/omniness.com.br\/index.php\/wp-json\/wp\/v2\/pages\/2407"}],"collection":[{"href":"https:\/\/omniness.com.br\/index.php\/wp-json\/wp\/v2\/pages"}],"about":[{"href":"https:\/\/omniness.com.br\/index.php\/wp-json\/wp\/v2\/types\/page"}],"author":[{"embeddable":true,"href":"https:\/\/omniness.com.br\/index.php\/wp-json\/wp\/v2\/users\/1"}],"replies":[{"embeddable":true,"href":"https:\/\/omniness.com.br\/index.php\/wp-json\/wp\/v2\/comments?post=2407"}],"version-history":[{"count":15,"href":"https:\/\/omniness.com.br\/index.php\/wp-json\/wp\/v2\/pages\/2407\/revisions"}],"predecessor-version":[{"id":2528,"href":"https:\/\/omniness.com.br\/index.php\/wp-json\/wp\/v2\/pages\/2407\/revisions\/2528"}],"wp:attachment":[{"href":"https:\/\/omniness.com.br\/index.php\/wp-json\/wp\/v2\/media?parent=2407"}],"curies":[{"name":"wp","href":"https:\/\/api.w.org\/{rel}","templated":true}]}}